{"id":93,"date":"2021-03-29T20:01:57","date_gmt":"2021-03-29T20:01:57","guid":{"rendered":"http:\/\/action-grafx.de\/?page_id=93"},"modified":"2021-03-29T20:01:57","modified_gmt":"2021-03-29T20:01:57","slug":"impressum","status":"publish","type":"page","link":"https:\/\/action-grafx.de\/?page_id=93","title":{"rendered":"Impressum"},"content":{"rendered":"\n<p>Anbieter dieser Internetseite ist:<\/p>\n\n\n\n<p>Timo Kassenb\u00f6hmer<br>Bogenstrasse 16<br>46286 Dorsten<\/p>\n\n\n\n<p>fon_0176 \/ 81118715<br>mail_info (at) action-grafx.de<\/p>\n\n\n\n<p>Inhaltlich Verantwortlicher gem\u00e4\u00df \u00a7 55 Abs. 2 RStV: Timo Kassenb\u00f6hmer<\/p>\n\n\n\n<p>Quelle: http:\/\/www.muster-impressum.de<\/p>\n\n\n\n<p>Hinweise:<\/p>\n\n\n\n<p>Kleinunternehmer i. S. v. \u00a7 19 Abs. 1 UStG haben ein Wahlrecht, ob sie Umsatzsteuer abf\u00fchren wollen. Entscheiden sie sich gegen die Abf\u00fchrung, ben\u00f6tigen sie grunds\u00e4tzlich keine Umsatzsteuer-Identifikationsnummer. Dementsprechend m\u00fcssen sie auch im Impressum keine Umsatzsteuer-Identifikationsnummer angeben. Hinzu kommt, da\u00df Kleinunternehmer h\u00e4ufig nicht ins Handelsregister eingetragen sind, so da\u00df auch insoweit keine Angaben erforderlich sind. Besteht allerdings eine Registereintragung oder wurde eine Umsatzsteuer-Identifikationsnummer erteilt, sind die entsprechenden Angaben zu machen. Das Muster geht davon aus, da\u00df keine Umsatzsteuer-Identifikationsnummer vorliegt und da\u00df der Betreiber der Internetseite nicht ins Handelsregister eingetragen ist. F\u00fcr das Muster wurde ferner von einem journalistisch-redaktionell gestalteten Angebot ausgegangen, so da\u00df die Anbieterkennzeichnung nach \u00a7 55 Abs. 2 RStV gesondert aufgenommen wurde.<\/p>\n\n\n\n<p><\/p>\n","protected":false},"excerpt":{"rendered":"<p>Anbieter dieser Internetseite ist: Timo Kassenb\u00f6hmerBogenstrasse 1646286 Dorsten fon_0176 \/ 81118715mail_info (at) action-grafx.de Inhaltlich Verantwortlicher gem\u00e4\u00df \u00a7 55 Abs. 2 RStV: Timo Kassenb\u00f6hmer Quelle: http:\/\/www.muster-impressum.de Hinweise: Kleinunternehmer i. S. v. \u00a7 19 Abs. 1 UStG haben ein Wahlrecht, ob sie Umsatzsteuer abf\u00fchren wollen. Entscheiden sie sich gegen die Abf\u00fchrung, ben\u00f6tigen sie grunds\u00e4tzlich keine Umsatzsteuer-Identifikationsnummer. Dementsprechend m\u00fcssen sie auch im Impressum keine Umsatzsteuer-Identifikationsnummer angeben. Hinzu kommt, da\u00df Kleinunternehmer h\u00e4ufig nicht ins Handelsregister eingetragen sind, so da\u00df auch insoweit keine Angaben erforderlich [&hellip;]<\/p>\n","protected":false},"author":1,"featured_media":0,"parent":0,"menu_order":0,"comment_status":"closed","ping_status":"closed","template":"","meta":{"ngg_post_thumbnail":0,"footnotes":""},"class_list":["post-93","page","type-page","status-publish","hentry"],"_links":{"self":[{"href":"https:\/\/action-grafx.de\/index.php?rest_route=\/wp\/v2\/pages\/93","targetHints":{"allow":["GET"]}}],"collection":[{"href":"https:\/\/action-grafx.de\/index.php?rest_route=\/wp\/v2\/pages"}],"about":[{"href":"https:\/\/action-grafx.de\/index.php?rest_route=\/wp\/v2\/types\/page"}],"author":[{"embeddable":true,"href":"https:\/\/action-grafx.de\/index.php?rest_route=\/wp\/v2\/users\/1"}],"replies":[{"embeddable":true,"href":"https:\/\/action-grafx.de\/index.php?rest_route=%2Fwp%2Fv2%2Fcomments&post=93"}],"version-history":[{"count":1,"href":"https:\/\/action-grafx.de\/index.php?rest_route=\/wp\/v2\/pages\/93\/revisions"}],"predecessor-version":[{"id":95,"href":"https:\/\/action-grafx.de\/index.php?rest_route=\/wp\/v2\/pages\/93\/revisions\/95"}],"wp:attachment":[{"href":"https:\/\/action-grafx.de\/index.php?rest_route=%2Fwp%2Fv2%2Fmedia&parent=93"}],"curies":[{"name":"wp","href":"https:\/\/api.w.org\/{rel}","templated":true}]}}