{"id":97,"date":"2021-03-30T20:10:11","date_gmt":"2021-03-30T20:10:11","guid":{"rendered":"http:\/\/action-grafx.de\/?page_id=97"},"modified":"2021-03-30T21:00:54","modified_gmt":"2021-03-30T21:00:54","slug":"start","status":"publish","type":"page","link":"https:\/\/action-grafx.de\/","title":{"rendered":"Sch\u00f6n sie hier zu sehen"},"content":{"rendered":"\n<p>Gerne m\u00f6chte ich mich einmal vorstellen. Mein Name ist Timo Kassenb\u00f6hmer und ich bin seit 20 Jahren in der kunterbunten Werbewelt zuhause. Vor genau 15 Jahren habe ich dieses Kleingewerbe gegr\u00fcndet mit dem Ziel auf regionaler Ebene f\u00fcr kleine bis mittelst\u00e4ndige Unternehmen bezahlbare und effiziente Kreativleistungen anzubieten.<br>Es gibt hier nichts aus der Dose und hinter jedem Projekt steckt von meiner Seite aus Ehrgeiz und Knowhow. <\/p>\n\n\n\n<p>Dabei ist es egal wie gro\u00df oder klein ihr Anliegen zu sein scheint. Fragen sie einfach mal an. Von klassischen Druckmedien wie Visitenkarten, Briefpapier, Imageportfolios, \u00fcber Au\u00dfenwerbung, Banner, Beschilderung oder Kreativleistungen aller Art wie zum Beispiel ein neues Logo kann Action GrafX umsetzen.  Auch Internetauftritte und Shopsysteme sind in meinem Portfolio zu finden. Und wenn es einmal nicht weiter zu gehen scheint, frage ich einfach meine Partner aus den verschiedensten Bereichen wie Videoschnitt, IT L\u00f6sungen, Fotografie, und und und. <\/p>\n\n\n\n<p>Gern freue ich mich auf ihr Projekt. Kommen sie mit mir in Kontakt bei einem netten Gespr\u00e4ch und einer guten Tasse Kaffee.<\/p>\n\n\n\n<figure class=\"wp-block-image size-large\"><img fetchpriority=\"high\" decoding=\"async\" width=\"1024\" height=\"768\" src=\"http:\/\/action-grafx.de\/wp-content\/uploads\/2021\/03\/Bild-24-1024x768.jpg\" alt=\"\" class=\"wp-image-130\" srcset=\"https:\/\/action-grafx.de\/wp-content\/uploads\/2021\/03\/Bild-24-1024x768.jpg 1024w, https:\/\/action-grafx.de\/wp-content\/uploads\/2021\/03\/Bild-24-300x225.jpg 300w, https:\/\/action-grafx.de\/wp-content\/uploads\/2021\/03\/Bild-24-768x576.jpg 768w, https:\/\/action-grafx.de\/wp-content\/uploads\/2021\/03\/Bild-24-1536x1152.jpg 1536w, https:\/\/action-grafx.de\/wp-content\/uploads\/2021\/03\/Bild-24-2048x1536.jpg 2048w, https:\/\/action-grafx.de\/wp-content\/uploads\/2021\/03\/Bild-24-830x623.jpg 830w, https:\/\/action-grafx.de\/wp-content\/uploads\/2021\/03\/Bild-24-230x173.jpg 230w, https:\/\/action-grafx.de\/wp-content\/uploads\/2021\/03\/Bild-24-350x263.jpg 350w, https:\/\/action-grafx.de\/wp-content\/uploads\/2021\/03\/Bild-24-480x360.jpg 480w\" sizes=\"(max-width: 1024px) 100vw, 1024px\" \/><\/figure>\n","protected":false},"excerpt":{"rendered":"<p>Gerne m\u00f6chte ich mich einmal vorstellen. Mein Name ist Timo Kassenb\u00f6hmer und ich bin seit 20 Jahren in der kunterbunten Werbewelt zuhause. Vor genau 15 Jahren habe ich dieses Kleingewerbe gegr\u00fcndet mit dem Ziel auf regionaler Ebene f\u00fcr kleine bis mittelst\u00e4ndige Unternehmen bezahlbare und effiziente Kreativleistungen anzubieten.Es gibt hier nichts aus der Dose und hinter jedem Projekt steckt von meiner Seite aus Ehrgeiz und Knowhow. Dabei ist es egal wie gro\u00df oder klein ihr Anliegen zu sein scheint. Fragen sie [&hellip;]<\/p>\n","protected":false},"author":1,"featured_media":0,"parent":0,"menu_order":0,"comment_status":"closed","ping_status":"closed","template":"","meta":{"ngg_post_thumbnail":0,"footnotes":""},"class_list":["post-97","page","type-page","status-publish","hentry"],"_links":{"self":[{"href":"https:\/\/action-grafx.de\/index.php?rest_route=\/wp\/v2\/pages\/97","targetHints":{"allow":["GET"]}}],"collection":[{"href":"https:\/\/action-grafx.de\/index.php?rest_route=\/wp\/v2\/pages"}],"about":[{"href":"https:\/\/action-grafx.de\/index.php?rest_route=\/wp\/v2\/types\/page"}],"author":[{"embeddable":true,"href":"https:\/\/action-grafx.de\/index.php?rest_route=\/wp\/v2\/users\/1"}],"replies":[{"embeddable":true,"href":"https:\/\/action-grafx.de\/index.php?rest_route=%2Fwp%2Fv2%2Fcomments&post=97"}],"version-history":[{"count":10,"href":"https:\/\/action-grafx.de\/index.php?rest_route=\/wp\/v2\/pages\/97\/revisions"}],"predecessor-version":[{"id":132,"href":"https:\/\/action-grafx.de\/index.php?rest_route=\/wp\/v2\/pages\/97\/revisions\/132"}],"wp:attachment":[{"href":"https:\/\/action-grafx.de\/index.php?rest_route=%2Fwp%2Fv2%2Fmedia&parent=97"}],"curies":[{"name":"wp","href":"https:\/\/api.w.org\/{rel}","templated":true}]}}